{"id":260,"date":"2023-11-01T10:08:47","date_gmt":"2023-11-01T10:08:47","guid":{"rendered":"https:\/\/stgregnsclc.wpengine.com\/?page_id=260"},"modified":"2025-02-03T13:58:45","modified_gmt":"2025-02-03T13:58:45","slug":"empower-vax-l1-am-i-eligible","status":"publish","type":"page","link":"https:\/\/regeneronnsclcstudies.com\/es-us\/empower-vax-l1-am-i-eligible\/","title":{"rendered":"EmpowerVax L1 &#8211; Am I Eligible?"},"content":{"rendered":"<div data-elementor-type=\"wp-page\" data-elementor-id=\"260\" class=\"elementor elementor-260\" data-elementor-post-type=\"page\">\n\t\t\t\t\t\t<section class=\"elementor-section elementor-top-section elementor-element elementor-element-74fe23b elementor-section-content-middle elementor-section-boxed elementor-section-height-default elementor-section-height-default\" data-id=\"74fe23b\" data-element_type=\"section\" data-e-type=\"section\" data-settings=\"{&quot;background_background&quot;:&quot;classic&quot;}\">\n\t\t\t\t\t\t<div class=\"elementor-container elementor-column-gap-default\">\n\t\t\t\t\t<div class=\"elementor-column elementor-col-50 elementor-top-column elementor-element elementor-element-770cdff3\" data-id=\"770cdff3\" data-element_type=\"column\" data-e-type=\"column\">\n\t\t\t<div class=\"elementor-widget-wrap elementor-element-populated\">\n\t\t\t\t\t\t<div class=\"elementor-element elementor-element-1a35c6d6 elementor-widget elementor-widget-heading\" data-id=\"1a35c6d6\" data-element_type=\"widget\" data-e-type=\"widget\" data-widget_type=\"heading.default\">\n\t\t\t\t<div class=\"elementor-widget-container\">\n\t\t\t\t\t<h1 class=\"elementor-heading-title elementor-size-default\">\u00bfSoy elegible?<\/h1>\t\t\t\t<\/div>\n\t\t\t\t<\/div>\n\t\t\t\t<div class=\"elementor-element elementor-element-41c858a elementor-widget elementor-widget-text-editor\" data-id=\"41c858a\" data-element_type=\"widget\" data-e-type=\"widget\" data-widget_type=\"text-editor.default\">\n\t\t\t\t<div class=\"elementor-widget-container\">\n\t\t\t\t\t\t\t\t\tSi desea formar parte del estudio de investigaci\u00f3n cl\u00ednica EmpowerVax-L1, complete el siguiente cuestionario de preselecci\u00f3n para ver si es elegible. \t\t\t\t\t\t\t\t<\/div>\n\t\t\t\t<\/div>\n\t\t\t\t\t<\/div>\n\t\t<\/div>\n\t\t\t\t<div class=\"elementor-column elementor-col-50 elementor-top-column elementor-element elementor-element-55ecac2f\" data-id=\"55ecac2f\" data-element_type=\"column\" data-e-type=\"column\">\n\t\t\t<div class=\"elementor-widget-wrap\">\n\t\t\t\t\t\t\t<\/div>\n\t\t<\/div>\n\t\t\t\t\t<\/div>\n\t\t<\/section>\n\t\t\t\t<section class=\"elementor-section elementor-top-section elementor-element elementor-element-1720954 elementor-section-boxed elementor-section-height-default elementor-section-height-default\" data-id=\"1720954\" data-element_type=\"section\" data-e-type=\"section\">\n\t\t\t\t\t\t<div class=\"elementor-container elementor-column-gap-default\">\n\t\t\t\t\t<div class=\"elementor-column elementor-col-100 elementor-top-column elementor-element elementor-element-78034f2\" data-id=\"78034f2\" data-element_type=\"column\" data-e-type=\"column\">\n\t\t\t<div class=\"elementor-widget-wrap elementor-element-populated\">\n\t\t\t\t\t\t<div class=\"elementor-element elementor-element-36c2c57b elementor-widget elementor-widget-text-editor\" data-id=\"36c2c57b\" data-element_type=\"widget\" data-e-type=\"widget\" data-widget_type=\"text-editor.default\">\n\t\t\t\t<div class=\"elementor-widget-container\">\n\t\t\t\t\t\t\t\t\t<p><strong>Es posible que sea elegible si cumple con las siguientes condiciones:<\/strong><\/p>\t\t\t\t\t\t\t\t<\/div>\n\t\t\t\t<\/div>\n\t\t\t\t\t<\/div>\n\t\t<\/div>\n\t\t\t\t\t<\/div>\n\t\t<\/section>\n\t\t\t\t<section class=\"elementor-section elementor-top-section elementor-element elementor-element-6bf3ea1 elementor-section-boxed elementor-section-height-default elementor-section-height-default\" data-id=\"6bf3ea1\" data-element_type=\"section\" data-e-type=\"section\">\n\t\t\t\t\t\t<div class=\"elementor-container elementor-column-gap-default\">\n\t\t\t\t\t<div class=\"elementor-column elementor-col-50 elementor-top-column elementor-element elementor-element-858cd49\" data-id=\"858cd49\" data-element_type=\"column\" data-e-type=\"column\" data-settings=\"{&quot;background_background&quot;:&quot;classic&quot;}\">\n\t\t\t<div class=\"elementor-widget-wrap elementor-element-populated\">\n\t\t\t\t\t<div class=\"elementor-background-overlay\"><\/div>\n\t\t\t\t\t\t<div class=\"elementor-element elementor-element-412b2cd elementor-icon-list--layout-traditional elementor-list-item-link-full_width elementor-widget elementor-widget-icon-list\" data-id=\"412b2cd\" data-element_type=\"widget\" data-e-type=\"widget\" data-widget_type=\"icon-list.default\">\n\t\t\t\t<div class=\"elementor-widget-container\">\n\t\t\t\t\t\t\t<ul class=\"elementor-icon-list-items\">\n\t\t\t\t\t\t\t<li class=\"elementor-icon-list-item\">\n\t\t\t\t\t\t\t\t\t\t\t<span class=\"elementor-icon-list-icon\">\n\t\t\t\t\t\t\t<i aria-hidden=\"true\" class=\"fas fa-check-circle\"><\/i>\t\t\t\t\t\t<\/span>\n\t\t\t\t\t\t\t\t\t\t<span class=\"elementor-icon-list-text\">Tiene \u226518\u202fa\u00f1os (o la edad legal de consentimiento en su pa\u00eds).<\/span>\n\t\t\t\t\t\t\t\t\t<\/li>\n\t\t\t\t\t\t\t\t<li class=\"elementor-icon-list-item\">\n\t\t\t\t\t\t\t\t\t\t\t<span class=\"elementor-icon-list-icon\">\n\t\t\t\t\t\t\t<i aria-hidden=\"true\" class=\"fas fa-check-circle\"><\/i>\t\t\t\t\t\t<\/span>\n\t\t\t\t\t\t\t\t\t\t<span class=\"elementor-icon-list-text\">Tiene CPCNP avanzado y no es un candidato para someterse a cirug\u00eda ni para recibir quimioterapia y radioterapia concurrentes, seg\u00fan el criterio de su m\u00e9dico tratante (c\u00e1ncer en estadio\u202fIIIB o IIIC, localmente avanzado, o en estadio\u202fIV, metast\u00e1sico).<\/span>\n\t\t\t\t\t\t\t\t\t<\/li>\n\t\t\t\t\t\t<\/ul>\n\t\t\t\t\t\t<\/div>\n\t\t\t\t<\/div>\n\t\t\t\t\t<\/div>\n\t\t<\/div>\n\t\t\t\t<div class=\"elementor-column elementor-col-50 elementor-top-column elementor-element elementor-element-4285f15\" data-id=\"4285f15\" data-element_type=\"column\" data-e-type=\"column\" data-settings=\"{&quot;background_background&quot;:&quot;classic&quot;}\">\n\t\t\t<div class=\"elementor-widget-wrap elementor-element-populated\">\n\t\t\t\t\t\t<div class=\"elementor-element elementor-element-90cf9f2 elementor-icon-list--layout-traditional elementor-list-item-link-full_width elementor-widget elementor-widget-icon-list\" data-id=\"90cf9f2\" data-element_type=\"widget\" data-e-type=\"widget\" data-widget_type=\"icon-list.default\">\n\t\t\t\t<div class=\"elementor-widget-container\">\n\t\t\t\t\t\t\t<ul class=\"elementor-icon-list-items\">\n\t\t\t\t\t\t\t<li class=\"elementor-icon-list-item\">\n\t\t\t\t\t\t\t\t\t\t\t<span class=\"elementor-icon-list-icon\">\n\t\t\t\t\t\t\t<i aria-hidden=\"true\" class=\"fas fa-check-circle\"><\/i>\t\t\t\t\t\t<\/span>\n\t\t\t\t\t\t\t\t\t\t<span class=\"elementor-icon-list-text\">En la biopsia del tumor, se observan c\u00e9lulas tumorales de CPCNP que expresan un estado de PD-L1 de \u226550\u202f% (consulte a su m\u00e9dico si no est\u00e1 seguro o p\u00f3ngase en contacto con nuestro equipo del estudio; esto se determinar\u00e1 durante la selecci\u00f3n).<\/span>\n\t\t\t\t\t\t\t\t\t<\/li>\n\t\t\t\t\t\t<\/ul>\n\t\t\t\t\t\t<\/div>\n\t\t\t\t<\/div>\n\t\t\t\t\t<\/div>\n\t\t<\/div>\n\t\t\t\t\t<\/div>\n\t\t<\/section>\n\t\t\t\t<section class=\"elementor-section elementor-top-section elementor-element elementor-element-2a81cb73 elementor-section-boxed elementor-section-height-default elementor-section-height-default\" data-id=\"2a81cb73\" data-element_type=\"section\" data-e-type=\"section\">\n\t\t\t\t\t\t<div class=\"elementor-container elementor-column-gap-no\">\n\t\t\t\t\t<div class=\"elementor-column elementor-col-100 elementor-top-column elementor-element elementor-element-2a2e300a\" data-id=\"2a2e300a\" data-element_type=\"column\" data-e-type=\"column\">\n\t\t\t<div class=\"elementor-widget-wrap elementor-element-populated\">\n\t\t\t\t\t\t<div class=\"elementor-element elementor-element-1b151b4d elementor-widget elementor-widget-image\" data-id=\"1b151b4d\" data-element_type=\"widget\" data-e-type=\"widget\" data-widget_type=\"image.default\">\n\t\t\t\t<div class=\"elementor-widget-container\">\n\t\t\t\t\t\t\t\t\t\t\t\t\t\t\t<img fetchpriority=\"high\" decoding=\"async\" width=\"2868\" height=\"2484\" src=\"https:\/\/regeneronnsclcstudies.com\/wp-content\/uploads\/2023\/12\/plygon.svg\" class=\"attachment-large size-large wp-image-293\" alt=\"\" \/>\t\t\t\t\t\t\t\t\t\t\t\t\t\t\t<\/div>\n\t\t\t\t<\/div>\n\t\t\t\t\t<\/div>\n\t\t<\/div>\n\t\t\t\t\t<\/div>\n\t\t<\/section>\n\t\t\t\t<section class=\"elementor-section elementor-top-section elementor-element elementor-element-353b9d57 elementor-section-boxed elementor-section-height-default elementor-section-height-default\" data-id=\"353b9d57\" data-element_type=\"section\" data-e-type=\"section\">\n\t\t\t\t\t\t<div class=\"elementor-container elementor-column-gap-default\">\n\t\t\t\t\t<div class=\"elementor-column elementor-col-100 elementor-top-column elementor-element elementor-element-760a817a\" data-id=\"760a817a\" data-element_type=\"column\" data-e-type=\"column\">\n\t\t\t<div class=\"elementor-widget-wrap elementor-element-populated\">\n\t\t\t\t\t\t<div class=\"elementor-element elementor-element-c162caa elementor-widget elementor-widget-text-editor\" data-id=\"c162caa\" data-element_type=\"widget\" data-e-type=\"widget\" data-widget_type=\"text-editor.default\">\n\t\t\t\t<div class=\"elementor-widget-container\">\n\t\t\t\t\t\t\t\t\tHay otros requisitos para participar en este estudio. Se har\u00e1 un examen m\u00e9dico completo para saber si puede participar. Si tiene otras preguntas, comparta este sitio web con su m\u00e9dico para hablar sobre este estudio.  \t\t\t\t\t\t\t\t<\/div>\n\t\t\t\t<\/div>\n\t\t\t\t\t<\/div>\n\t\t<\/div>\n\t\t\t\t\t<\/div>\n\t\t<\/section>\n\t\t\t\t<section class=\"elementor-section elementor-top-section elementor-element elementor-element-2c0bc558 elementor-section-boxed elementor-section-height-default elementor-section-height-default\" data-id=\"2c0bc558\" data-element_type=\"section\" data-e-type=\"section\" id=\"questionnaire\" data-settings=\"{&quot;background_background&quot;:&quot;classic&quot;}\">\n\t\t\t\t\t\t<div class=\"elementor-container elementor-column-gap-default\">\n\t\t\t\t\t<div class=\"elementor-column elementor-col-100 elementor-top-column elementor-element elementor-element-73cc0e6c\" data-id=\"73cc0e6c\" data-element_type=\"column\" data-e-type=\"column\">\n\t\t\t<div class=\"elementor-widget-wrap elementor-element-populated\">\n\t\t\t\t\t\t<div class=\"elementor-element elementor-element-1a62bc7f elementor-widget elementor-widget-heading\" data-id=\"1a62bc7f\" data-element_type=\"widget\" data-e-type=\"widget\" id=\"pre-screener\" data-widget_type=\"heading.default\">\n\t\t\t\t<div class=\"elementor-widget-container\">\n\t\t\t\t\t<h2 class=\"elementor-heading-title elementor-size-default\">Cuestionario de preselecci\u00f3n<\/h2>\t\t\t\t<\/div>\n\t\t\t\t<\/div>\n\t\t\t\t<div class=\"elementor-element elementor-element-12a21cb9 elementor-widget elementor-widget-text-editor\" data-id=\"12a21cb9\" data-element_type=\"widget\" data-e-type=\"widget\" data-widget_type=\"text-editor.default\">\n\t\t\t\t<div class=\"elementor-widget-container\">\n\t\t\t\t\t\t\t\t\t<p>Para saber si cumple con algunos de los requisitos, complete el siguiente cuestionario de preselecci\u00f3n. Solo responda \u201cs\u00ed\u201d o \u201cno\u201d a cada pregunta, y luego haga clic en el bot\u00f3n Enviar. <strong>Este cuestionario es totalmente an\u00f3nimo (no se guardar\u00e1 su informaci\u00f3n personal).<\/strong><\/p>\t\t\t\t\t\t\t\t<\/div>\n\t\t\t\t<\/div>\n\t\t\t\t<div class=\"elementor-element elementor-element-534cf671 elementor-widget elementor-widget-text-editor\" data-id=\"534cf671\" data-element_type=\"widget\" data-e-type=\"widget\" data-widget_type=\"text-editor.default\">\n\t\t\t\t<div class=\"elementor-widget-container\">\n\t\t\t\t\t\t\t\t\tEste cuestionario no incluye todos los requisitos que debe cumplir para participar en este estudio. Si es elegible para participar en este estudio, cuando visite el centro del estudio por primera vez, recibir\u00e1 tambi\u00e9n una copia del formulario de consentimiento informado, donde encontrar\u00e1 m\u00e1s informaci\u00f3n. \t\t\t\t\t\t\t\t<\/div>\n\t\t\t\t<\/div>\n\t\t\t\t<div class=\"elementor-element elementor-element-5cf816d elementor-icon-list--layout-traditional elementor-list-item-link-full_width elementor-widget elementor-widget-icon-list\" data-id=\"5cf816d\" data-element_type=\"widget\" data-e-type=\"widget\" data-widget_type=\"icon-list.default\">\n\t\t\t\t<div class=\"elementor-widget-container\">\n\t\t\t\t\t\t\t<ul class=\"elementor-icon-list-items\">\n\t\t\t\t\t\t\t<li class=\"elementor-icon-list-item\">\n\t\t\t\t\t\t\t\t\t\t<span class=\"elementor-icon-list-text\">Haga clic en la respuesta que mejor aplique a su caso.<\/span>\n\t\t\t\t\t\t\t\t\t<\/li>\n\t\t\t\t\t\t<\/ul>\n\t\t\t\t\t\t<\/div>\n\t\t\t\t<\/div>\n\t\t\t\t<div class=\"elementor-element elementor-element-1fc1a914 prscr elementor-widget elementor-widget-html\" data-id=\"1fc1a914\" data-element_type=\"widget\" data-e-type=\"widget\" data-widget_type=\"html.default\">\n\t\t\t\t<div class=\"elementor-widget-container\">\n\t\t\t\t\t<form id=\"preScreener\" action=\"\">\n  <div class=\"form-row\">\n    <label class=\"form-label\">\u00bfTiene \u226518\u202fa\u00f1os?<\/label>\n    <label class=\"form-radio\">\n    <input type=\"radio\" name=\"fieldGroup1\" value=\"yes\" class='yes-radio radioBtn' required> <span class=\"checkmark\"><\/span>\n    <span class='label-text'>Si<\/span><\/label>\n    <label class=\"form-radio\">\n    <input type=\"radio\" name=\"fieldGroup1\" value=\"no\" class=\"radioBtn\" required>  <span class=\"checkmark\"><\/span>\n    <span class='label-text'>No<\/span><\/label>\n    \n  <\/div>\n  \n  <div class=\"form-row\">\n    <label class=\"form-label\">\u00bfTiene CPCNP avanzado?<\/label>\n    <label class=\"form-radio\">\n    <input type=\"radio\" name=\"fieldGroup2\" value=\"yes\" class='yes-radio radioBtn' required>  <span class=\"checkmark\"><\/span>\n    <span class='label-text'>Si<\/span><\/label>\n    <label class=\"form-radio\">\n    <input type=\"radio\" name=\"fieldGroup2\" value=\"no\" class=\"radioBtn\" required>  <span class=\"checkmark\"><\/span>\n    <span class='label-text'>No<\/span><\/label>\n  <\/div>\n  \n  <div class=\"form-row\">\n    <label class=\"form-label\">\u00bfTiene c\u00e9lulas tumorales de CPCNP que expresan un estado de PD-L1 de \u226550\u202f%?<\/label>\n    <label class=\"form-radio\">\n    <input type=\"radio\" name=\"fieldGroup3\" value=\"yes\" class='yes-radio radioBtn' required>  <span class=\"checkmark\"><\/span>\n    <span class='label-text'>Si<\/span><\/label>\n    <label class=\"form-radio\">\n    <input type=\"radio\" name=\"fieldGroup3\" value=\"no\" class=\"radioBtn\" required>  <span class=\"checkmark\"><\/span>\n    <span class='label-text'>No<\/span><\/label>\n  <\/div>\n  \n  <div class=\"form-row\">\n    <label class=\"form-label\">\u00bfFuma o ha fumado alguna vez?<\/label>\n    <label class=\"form-radio\">\n    <input type=\"radio\" name=\"fieldGroup4\" value=\"yes\" class=\"yes-radio radioBtn\" required>  <span class=\"checkmark\"><\/span>\n    <span class='label-text'>Si<\/span><\/label>\n    <label class=\"form-radio\">\n    <input type=\"radio\" name=\"fieldGroup4\" value=\"no\" class=\"radioBtn\" required>  <span class=\"checkmark\"><\/span>\n    <span class='label-text'>No<\/span><\/label>\n  <\/div>\n  \n  <div class=\"form-row\">\n    <label class=\"form-label\">\u00bfEst\u00e1 embarazada o en per\u00edodo de lactancia, o planea quedar embarazada o que su pareja quede embarazada?<\/label>\n    <label class=\"form-radio\">\n    <input type=\"radio\" name=\"fieldGroup5\" value=\"yes\" class=\"radioBtn\" required>  <span class=\"checkmark\"><\/span>\n    <span class='label-text'>Si<\/span><\/label>\n    <label class=\"form-radio\">\n    <input type=\"radio\" name=\"fieldGroup5\" value=\"no\" class=\"radioBtn no-radio\" required>  <span class=\"checkmark\"><\/span>\n    <span class='label-text'>No<\/span><\/label>\n  <\/div>\n  <div class=\"form-row\">\n    <label class=\"form-label\">\u00bfTuvo encefalitis, meningitis o convulsiones que no se pueden controlar en el \u00faltimo a\u00f1o?<\/label>\n    <label class=\"form-radio\">\n    <input type=\"radio\" name=\"fieldGroup6\" value=\"yes\" class=\"radioBtn\" required>  <span class=\"checkmark\"><\/span>\n    <span class='label-text'>Si<\/span><\/label>\n    <label class=\"form-radio\">\n    <input type=\"radio\" name=\"fieldGroup6\" value=\"no\" class=\"radioBtn no-radio\" required>  <span class=\"checkmark\"><\/span>\n    <span class='label-text'>No<\/span><\/label>\n  <\/div>\n <span id=\"preError\" style=\"display: none;\">\u00a1Por favor, responde a todas las preguntas!<\/span>\n  <div class=\"preeScreenerBtn\">\n    <input type=\"submit\" value=\"Enviar\" id='btn'>\n  <\/div>\n  \n<input type=\"hidden\" name=\"trp-form-language\" value=\"es-us\"\/><\/form>\t\t\t\t<\/div>\n\t\t\t\t<\/div>\n\t\t\t\t\t<\/div>\n\t\t<\/div>\n\t\t\t\t\t<\/div>\n\t\t<\/section>\n\t\t\t\t<section class=\"elementor-section elementor-top-section elementor-element elementor-element-127f9afd elementor-section-boxed elementor-section-height-default elementor-section-height-default\" data-id=\"127f9afd\" data-element_type=\"section\" data-e-type=\"section\" id=\"sitefinder\">\n\t\t\t\t\t\t<div class=\"elementor-container elementor-column-gap-default\">\n\t\t\t\t\t<div class=\"elementor-column elementor-col-100 elementor-top-column elementor-element elementor-element-40e63563\" data-id=\"40e63563\" data-element_type=\"column\" data-e-type=\"column\">\n\t\t\t<div class=\"elementor-widget-wrap elementor-element-populated\">\n\t\t\t\t\t\t<div class=\"elementor-element elementor-element-24032766 elementor-widget elementor-widget-heading\" data-id=\"24032766\" data-element_type=\"widget\" data-e-type=\"widget\" data-widget_type=\"heading.default\">\n\t\t\t\t<div class=\"elementor-widget-container\">\n\t\t\t\t\t<h2 class=\"elementor-heading-title elementor-size-default\">Encuentre un centro del estudio cercano<\/h2>\t\t\t\t<\/div>\n\t\t\t\t<\/div>\n\t\t\t\t<div class=\"elementor-element elementor-element-5175444a elementor-widget elementor-widget-text-editor\" data-id=\"5175444a\" data-element_type=\"widget\" data-e-type=\"widget\" data-widget_type=\"text-editor.default\">\n\t\t\t\t<div class=\"elementor-widget-container\">\n\t\t\t\t\t\t\t\t\tPara encontrar el centro del estudio m\u00e1s cercano, ingrese su c\u00f3digo postal.\t\t\t\t\t\t\t\t<\/div>\n\t\t\t\t<\/div>\n\t\t\t\t<div class=\"elementor-element elementor-element-3b1b864b elementor-widget elementor-widget-shortcode\" data-id=\"3b1b864b\" data-element_type=\"widget\" data-e-type=\"widget\" data-widget_type=\"shortcode.default\">\n\t\t\t\t<div class=\"elementor-widget-container\">\n\t\t\t\t\t\t\t<div class=\"elementor-shortcode\"> <style>\r\n\t#wpsl-stores .wpsl-store-thumb {height:45px !important; width:45px !important;}\r\n\t#wpsl-stores, #wpsl-direction-details, #wpsl-gmap {height:650px !important;}\r\n\t#wpsl-gmap .wpsl-info-window {max-width:250px !important;}\r\n\t.wpsl-input label, #wpsl-radius label, #wpsl-category label {width:200px;}\r\n\t#wpsl-search-input ,#wpsl-category .wpsl-dropdown {width:200px;}\r\n<\/style>\r\n<div id=\"wpsl-wrap\">\r\n\t<div class=\"wpsl-search wpsl-clearfix\">\r\n\t\t<div id=\"wpsl-search-wrap\">\r\n\t\t\t<form autocomplete=\"off\" action=\"\">\r\n\t\t\t<div class=\"wpsl-input\">\r\n\t\t\t\t<div><label for=\"wpsl-search-input\">C\u00f3digo postal<\/label><\/div>\r\n\t\t\t\t<input id=\"wpsl-search-input\" type=\"text\" value=\"\" name=\"wpsl-search-input\" placeholder=\"\" aria-required=\"true\" \/>\r\n\t\t\t<\/div>\r\n\t\t\t\t<div class=\"wpsl-search-btn-wrap\"><input id=\"wpsl-search-btn\" type=\"submit\" value=\"Buscar\"><\/div>\r\n\t\t<input type=\"hidden\" name=\"trp-form-language\" value=\"es-us\"\/><\/form>\r\n\t\t<\/div>\r\n\t<\/div>\r\n\t<div id=\"wpsl-gmap\" class=\"wpsl-gmap-canvas\"><\/div>\r\n\t<div id=\"wpsl-result-list\">\r\n\t\t<div id=\"wpsl-stores\" >\r\n\t\t\t<ul><\/ul>\r\n\t\t<\/div>\r\n\t\t<div id=\"wpsl-direction-details\">\r\n\t\t\t<ul><\/ul>\r\n\t\t<\/div>\r\n\t<\/div>\r\n<\/div>\r\n \n\n\n\n<\/div>\n\t\t\t\t\t\t<\/div>\n\t\t\t\t<\/div>\n\t\t\t\t\t<\/div>\n\t\t<\/div>\n\t\t\t\t\t<\/div>\n\t\t<\/section>\n\t\t\t\t<\/div>","protected":false},"excerpt":{"rendered":"<p>Am I Eligible? If you wish to take part in the EmpowerVax-L1 clinical research study, fill in the pre-screener questionnaire below to see if you may be eligible. You may be eligible if you: Are \u2265 18 years old (or the legal age of consent in your country) Have advanced NSCLC and not a candidate [&hellip;]<\/p>\n","protected":false},"author":2,"featured_media":0,"parent":0,"menu_order":0,"comment_status":"closed","ping_status":"closed","template":"","meta":{"footnotes":""},"class_list":["post-260","page","type-page","status-publish","hentry"],"_links":{"self":[{"href":"https:\/\/regeneronnsclcstudies.com\/es-us\/wp-json\/wp\/v2\/pages\/260","targetHints":{"allow":["GET"]}}],"collection":[{"href":"https:\/\/regeneronnsclcstudies.com\/es-us\/wp-json\/wp\/v2\/pages"}],"about":[{"href":"https:\/\/regeneronnsclcstudies.com\/es-us\/wp-json\/wp\/v2\/types\/page"}],"author":[{"embeddable":true,"href":"https:\/\/regeneronnsclcstudies.com\/es-us\/wp-json\/wp\/v2\/users\/2"}],"replies":[{"embeddable":true,"href":"https:\/\/regeneronnsclcstudies.com\/es-us\/wp-json\/wp\/v2\/comments?post=260"}],"version-history":[{"count":0,"href":"https:\/\/regeneronnsclcstudies.com\/es-us\/wp-json\/wp\/v2\/pages\/260\/revisions"}],"wp:attachment":[{"href":"https:\/\/regeneronnsclcstudies.com\/es-us\/wp-json\/wp\/v2\/media?parent=260"}],"curies":[{"name":"wp","href":"https:\/\/api.w.org\/{rel}","templated":true}]}}