{"id":260,"date":"2023-11-01T10:08:47","date_gmt":"2023-11-01T10:08:47","guid":{"rendered":"https:\/\/stgregnsclc.wpengine.com\/?page_id=260"},"modified":"2025-02-03T13:58:45","modified_gmt":"2025-02-03T13:58:45","slug":"empower-vax-l1-am-i-eligible","status":"publish","type":"page","link":"https:\/\/regeneronnsclcstudies.com\/de-de\/empower-vax-l1-am-i-eligible\/","title":{"rendered":"EmpowerVax L1 &#8211; Am I Eligible?"},"content":{"rendered":"<div data-elementor-type=\"wp-page\" data-elementor-id=\"260\" class=\"elementor elementor-260\" data-elementor-post-type=\"page\">\n\t\t\t\t\t\t<section class=\"elementor-section elementor-top-section elementor-element elementor-element-74fe23b elementor-section-content-middle elementor-section-boxed elementor-section-height-default elementor-section-height-default\" data-id=\"74fe23b\" data-element_type=\"section\" data-e-type=\"section\" data-settings=\"{&quot;background_background&quot;:&quot;classic&quot;}\">\n\t\t\t\t\t\t<div class=\"elementor-container elementor-column-gap-default\">\n\t\t\t\t\t<div class=\"elementor-column elementor-col-50 elementor-top-column elementor-element elementor-element-770cdff3\" data-id=\"770cdff3\" data-element_type=\"column\" data-e-type=\"column\">\n\t\t\t<div class=\"elementor-widget-wrap elementor-element-populated\">\n\t\t\t\t\t\t<div class=\"elementor-element elementor-element-1a35c6d6 elementor-widget elementor-widget-heading\" data-id=\"1a35c6d6\" data-element_type=\"widget\" data-e-type=\"widget\" data-widget_type=\"heading.default\">\n\t\t\t\t<div class=\"elementor-widget-container\">\n\t\t\t\t\t<h1 class=\"elementor-heading-title elementor-size-default\">Bin ich geeignet?<\/h1>\t\t\t\t<\/div>\n\t\t\t\t<\/div>\n\t\t\t\t<div class=\"elementor-element elementor-element-41c858a elementor-widget elementor-widget-text-editor\" data-id=\"41c858a\" data-element_type=\"widget\" data-e-type=\"widget\" data-widget_type=\"text-editor.default\">\n\t\t\t\t<div class=\"elementor-widget-container\">\n\t\t\t\t\t\t\t\t\tWenn Sie an der klinischen Forschungsstudie EmpowerVax-L1 teilnehmen m\u00f6chten, k\u00f6nnen Sie zur Vorbefragung den nachfolgenden Fragebogen ausf\u00fcllen und herausfinden, ob Sie geeignet sind. \t\t\t\t\t\t\t\t<\/div>\n\t\t\t\t<\/div>\n\t\t\t\t\t<\/div>\n\t\t<\/div>\n\t\t\t\t<div class=\"elementor-column elementor-col-50 elementor-top-column elementor-element elementor-element-55ecac2f\" data-id=\"55ecac2f\" data-element_type=\"column\" data-e-type=\"column\">\n\t\t\t<div class=\"elementor-widget-wrap\">\n\t\t\t\t\t\t\t<\/div>\n\t\t<\/div>\n\t\t\t\t\t<\/div>\n\t\t<\/section>\n\t\t\t\t<section class=\"elementor-section elementor-top-section elementor-element elementor-element-1720954 elementor-section-boxed elementor-section-height-default elementor-section-height-default\" data-id=\"1720954\" data-element_type=\"section\" data-e-type=\"section\">\n\t\t\t\t\t\t<div class=\"elementor-container elementor-column-gap-default\">\n\t\t\t\t\t<div class=\"elementor-column elementor-col-100 elementor-top-column elementor-element elementor-element-78034f2\" data-id=\"78034f2\" data-element_type=\"column\" data-e-type=\"column\">\n\t\t\t<div class=\"elementor-widget-wrap elementor-element-populated\">\n\t\t\t\t\t\t<div class=\"elementor-element elementor-element-36c2c57b elementor-widget elementor-widget-text-editor\" data-id=\"36c2c57b\" data-element_type=\"widget\" data-e-type=\"widget\" data-widget_type=\"text-editor.default\">\n\t\t\t\t<div class=\"elementor-widget-container\">\n\t\t\t\t\t\t\t\t\t<p><strong>Sie kommen m\u00f6glicherweise infrage, wenn:<\/strong><\/p>\t\t\t\t\t\t\t\t<\/div>\n\t\t\t\t<\/div>\n\t\t\t\t\t<\/div>\n\t\t<\/div>\n\t\t\t\t\t<\/div>\n\t\t<\/section>\n\t\t\t\t<section class=\"elementor-section elementor-top-section elementor-element elementor-element-6bf3ea1 elementor-section-boxed elementor-section-height-default elementor-section-height-default\" data-id=\"6bf3ea1\" data-element_type=\"section\" data-e-type=\"section\">\n\t\t\t\t\t\t<div class=\"elementor-container elementor-column-gap-default\">\n\t\t\t\t\t<div class=\"elementor-column elementor-col-50 elementor-top-column elementor-element elementor-element-858cd49\" data-id=\"858cd49\" data-element_type=\"column\" data-e-type=\"column\" data-settings=\"{&quot;background_background&quot;:&quot;classic&quot;}\">\n\t\t\t<div class=\"elementor-widget-wrap elementor-element-populated\">\n\t\t\t\t\t<div class=\"elementor-background-overlay\"><\/div>\n\t\t\t\t\t\t<div class=\"elementor-element elementor-element-412b2cd elementor-icon-list--layout-traditional elementor-list-item-link-full_width elementor-widget elementor-widget-icon-list\" data-id=\"412b2cd\" data-element_type=\"widget\" data-e-type=\"widget\" data-widget_type=\"icon-list.default\">\n\t\t\t\t<div class=\"elementor-widget-container\">\n\t\t\t\t\t\t\t<ul class=\"elementor-icon-list-items\">\n\t\t\t\t\t\t\t<li class=\"elementor-icon-list-item\">\n\t\t\t\t\t\t\t\t\t\t\t<span class=\"elementor-icon-list-icon\">\n\t\t\t\t\t\t\t<i aria-hidden=\"true\" class=\"fas fa-check-circle\"><\/i>\t\t\t\t\t\t<\/span>\n\t\t\t\t\t\t\t\t\t\t<span class=\"elementor-icon-list-text\">Sie  \u2265 18\u202fJahre alt sind (oder die gesetzliche Vollj\u00e4hrigkeit  in Ihrem Land erreicht haben)<\/span>\n\t\t\t\t\t\t\t\t\t<\/li>\n\t\t\t\t\t\t\t\t<li class=\"elementor-icon-list-item\">\n\t\t\t\t\t\t\t\t\t\t\t<span class=\"elementor-icon-list-icon\">\n\t\t\t\t\t\t\t<i aria-hidden=\"true\" class=\"fas fa-check-circle\"><\/i>\t\t\t\t\t\t<\/span>\n\t\t\t\t\t\t\t\t\t\t<span class=\"elementor-icon-list-text\">Sie fortgeschrittenen NSCLC haben und nach Ansicht Ihres behandelnden Arztes oder Ihrer behandelnden \u00c4rztin nicht f\u00fcr eine Operation oder f\u00fcr eine Kombination aus Chemo- und Strahlentherapie infrage kommen (lokal fortgeschrittenes Stadium\u202fIIIB oder IIIC oder metastasierendes Stadium\u202fIV)<\/span>\n\t\t\t\t\t\t\t\t\t<\/li>\n\t\t\t\t\t\t<\/ul>\n\t\t\t\t\t\t<\/div>\n\t\t\t\t<\/div>\n\t\t\t\t\t<\/div>\n\t\t<\/div>\n\t\t\t\t<div class=\"elementor-column elementor-col-50 elementor-top-column elementor-element elementor-element-4285f15\" data-id=\"4285f15\" data-element_type=\"column\" data-e-type=\"column\" data-settings=\"{&quot;background_background&quot;:&quot;classic&quot;}\">\n\t\t\t<div class=\"elementor-widget-wrap elementor-element-populated\">\n\t\t\t\t\t\t<div class=\"elementor-element elementor-element-90cf9f2 elementor-icon-list--layout-traditional elementor-list-item-link-full_width elementor-widget elementor-widget-icon-list\" data-id=\"90cf9f2\" data-element_type=\"widget\" data-e-type=\"widget\" data-widget_type=\"icon-list.default\">\n\t\t\t\t<div class=\"elementor-widget-container\">\n\t\t\t\t\t\t\t<ul class=\"elementor-icon-list-items\">\n\t\t\t\t\t\t\t<li class=\"elementor-icon-list-item\">\n\t\t\t\t\t\t\t\t\t\t\t<span class=\"elementor-icon-list-icon\">\n\t\t\t\t\t\t\t<i aria-hidden=\"true\" class=\"fas fa-check-circle\"><\/i>\t\t\t\t\t\t<\/span>\n\t\t\t\t\t\t\t\t\t\t<span class=\"elementor-icon-list-text\">In dem entnommenen Tumorgewebe (Tumorbiopsie) NSCLC Tumorzellen mit einem PD-L-1 Expressionsstatus von \u2265 50 % nachgewiesen wurde. (bitte fragen Sie Ihren Arzt oder Ihre \u00c4rztin, wenn Sie nicht sicher sind, oder kontaktieren Sie unser Studienteam\u202f\u2013 dies wird beim Screening bestimmt)<\/span>\n\t\t\t\t\t\t\t\t\t<\/li>\n\t\t\t\t\t\t<\/ul>\n\t\t\t\t\t\t<\/div>\n\t\t\t\t<\/div>\n\t\t\t\t\t<\/div>\n\t\t<\/div>\n\t\t\t\t\t<\/div>\n\t\t<\/section>\n\t\t\t\t<section class=\"elementor-section elementor-top-section elementor-element elementor-element-2a81cb73 elementor-section-boxed elementor-section-height-default elementor-section-height-default\" data-id=\"2a81cb73\" data-element_type=\"section\" data-e-type=\"section\">\n\t\t\t\t\t\t<div class=\"elementor-container elementor-column-gap-no\">\n\t\t\t\t\t<div class=\"elementor-column elementor-col-100 elementor-top-column elementor-element elementor-element-2a2e300a\" data-id=\"2a2e300a\" data-element_type=\"column\" data-e-type=\"column\">\n\t\t\t<div class=\"elementor-widget-wrap elementor-element-populated\">\n\t\t\t\t\t\t<div class=\"elementor-element elementor-element-1b151b4d elementor-widget elementor-widget-image\" data-id=\"1b151b4d\" data-element_type=\"widget\" data-e-type=\"widget\" data-widget_type=\"image.default\">\n\t\t\t\t<div class=\"elementor-widget-container\">\n\t\t\t\t\t\t\t\t\t\t\t\t\t\t\t<img fetchpriority=\"high\" decoding=\"async\" width=\"2868\" height=\"2484\" src=\"https:\/\/regeneronnsclcstudies.com\/wp-content\/uploads\/2023\/12\/plygon.svg\" class=\"attachment-large size-large wp-image-293\" alt=\"\" \/>\t\t\t\t\t\t\t\t\t\t\t\t\t\t\t<\/div>\n\t\t\t\t<\/div>\n\t\t\t\t\t<\/div>\n\t\t<\/div>\n\t\t\t\t\t<\/div>\n\t\t<\/section>\n\t\t\t\t<section class=\"elementor-section elementor-top-section elementor-element elementor-element-353b9d57 elementor-section-boxed elementor-section-height-default elementor-section-height-default\" data-id=\"353b9d57\" data-element_type=\"section\" data-e-type=\"section\">\n\t\t\t\t\t\t<div class=\"elementor-container elementor-column-gap-default\">\n\t\t\t\t\t<div class=\"elementor-column elementor-col-100 elementor-top-column elementor-element elementor-element-760a817a\" data-id=\"760a817a\" data-element_type=\"column\" data-e-type=\"column\">\n\t\t\t<div class=\"elementor-widget-wrap elementor-element-populated\">\n\t\t\t\t\t\t<div class=\"elementor-element elementor-element-c162caa elementor-widget elementor-widget-text-editor\" data-id=\"c162caa\" data-element_type=\"widget\" data-e-type=\"widget\" data-widget_type=\"text-editor.default\">\n\t\t\t\t<div class=\"elementor-widget-container\">\n\t\t\t\t\t\t\t\t\tEs gibt weitere Voraussetzungen f\u00fcr die Teilnahme an dieser Studie. Es wird eine umfassende \u00e4rztliche Untersuchung durchgef\u00fchrt, um festzustellen, ob Sie an dieser Studie teilnehmen k\u00f6nnen. Wenn Sie andere Fragen haben, zeigen Sie diese Website Ihrem Arzt oder Ihrer \u00c4rztin, um diese Studie zu besprechen.  \t\t\t\t\t\t\t\t<\/div>\n\t\t\t\t<\/div>\n\t\t\t\t\t<\/div>\n\t\t<\/div>\n\t\t\t\t\t<\/div>\n\t\t<\/section>\n\t\t\t\t<section class=\"elementor-section elementor-top-section elementor-element elementor-element-2c0bc558 elementor-section-boxed elementor-section-height-default elementor-section-height-default\" data-id=\"2c0bc558\" data-element_type=\"section\" data-e-type=\"section\" id=\"questionnaire\" data-settings=\"{&quot;background_background&quot;:&quot;classic&quot;}\">\n\t\t\t\t\t\t<div class=\"elementor-container elementor-column-gap-default\">\n\t\t\t\t\t<div class=\"elementor-column elementor-col-100 elementor-top-column elementor-element elementor-element-73cc0e6c\" data-id=\"73cc0e6c\" data-element_type=\"column\" data-e-type=\"column\">\n\t\t\t<div class=\"elementor-widget-wrap elementor-element-populated\">\n\t\t\t\t\t\t<div class=\"elementor-element elementor-element-1a62bc7f elementor-widget elementor-widget-heading\" data-id=\"1a62bc7f\" data-element_type=\"widget\" data-e-type=\"widget\" id=\"pre-screener\" data-widget_type=\"heading.default\">\n\t\t\t\t<div class=\"elementor-widget-container\">\n\t\t\t\t\t<h2 class=\"elementor-heading-title elementor-size-default\">Fragebogen f\u00fcr die Vorbefragung<\/h2>\t\t\t\t<\/div>\n\t\t\t\t<\/div>\n\t\t\t\t<div class=\"elementor-element elementor-element-12a21cb9 elementor-widget elementor-widget-text-editor\" data-id=\"12a21cb9\" data-element_type=\"widget\" data-e-type=\"widget\" data-widget_type=\"text-editor.default\">\n\t\t\t\t<div class=\"elementor-widget-container\">\n\t\t\t\t\t\t\t\t\t<p>Sie k\u00f6nnen feststellen, ob Sie einige der Voraussetzungen erf\u00fcllen, indem Sie den untenstehenden Vorbefragungs-Fragebogen ausf\u00fcllen. Beantworten Sie einfach jede Frage mit \u201eJa\u201c oder \u201eNein\u201c und klicken Sie dann auf die Schaltfl\u00e4che \u201eSenden\u201c. <strong>Dieser Fragebogen ist v\u00f6llig anonym\u202f\u2013 es werden keine personenbezogenen Daten gespeichert.<\/strong><\/p>\t\t\t\t\t\t\t\t<\/div>\n\t\t\t\t<\/div>\n\t\t\t\t<div class=\"elementor-element elementor-element-534cf671 elementor-widget elementor-widget-text-editor\" data-id=\"534cf671\" data-element_type=\"widget\" data-e-type=\"widget\" data-widget_type=\"text-editor.default\">\n\t\t\t\t<div class=\"elementor-widget-container\">\n\t\t\t\t\t\t\t\t\tDieser Fragebogen enth\u00e4lt nicht alle Voraussetzungen, die Sie f\u00fcr die Teilnahme an dieser Studie erf\u00fcllen m\u00fcssen. Wenn Sie geeignet sind, erhalten Sie bei Ihrem ersten Termin im Pr\u00fcfzentrum auch eine Kopie der Patienteninformation und Einwilligungserkl\u00e4rung, die weitere Informationen enth\u00e4lt. \t\t\t\t\t\t\t\t<\/div>\n\t\t\t\t<\/div>\n\t\t\t\t<div class=\"elementor-element elementor-element-5cf816d elementor-icon-list--layout-traditional elementor-list-item-link-full_width elementor-widget elementor-widget-icon-list\" data-id=\"5cf816d\" data-element_type=\"widget\" data-e-type=\"widget\" data-widget_type=\"icon-list.default\">\n\t\t\t\t<div class=\"elementor-widget-container\">\n\t\t\t\t\t\t\t<ul class=\"elementor-icon-list-items\">\n\t\t\t\t\t\t\t<li class=\"elementor-icon-list-item\">\n\t\t\t\t\t\t\t\t\t\t<span class=\"elementor-icon-list-text\">Klicken Sie bitte die Antwort an, die am besten auf Sie zutrifft.<\/span>\n\t\t\t\t\t\t\t\t\t<\/li>\n\t\t\t\t\t\t<\/ul>\n\t\t\t\t\t\t<\/div>\n\t\t\t\t<\/div>\n\t\t\t\t<div class=\"elementor-element elementor-element-1fc1a914 prscr elementor-widget elementor-widget-html\" data-id=\"1fc1a914\" data-element_type=\"widget\" data-e-type=\"widget\" data-widget_type=\"html.default\">\n\t\t\t\t<div class=\"elementor-widget-container\">\n\t\t\t\t\t<form id=\"preScreener\" action=\"\">\n  <div class=\"form-row\">\n    <label class=\"form-label\">Sind Sie \u2265\u202f18\u202fJahre alt?<\/label>\n    <label class=\"form-radio\">\n    <input type=\"radio\" name=\"fieldGroup1\" value=\"yes\" class='yes-radio radioBtn' required> <span class=\"checkmark\"><\/span>\n    <span class='label-text'>Ja<\/span><\/label>\n    <label class=\"form-radio\">\n    <input type=\"radio\" name=\"fieldGroup1\" value=\"no\" class=\"radioBtn\" required>  <span class=\"checkmark\"><\/span>\n    <span class='label-text'>Nein<\/span><\/label>\n    \n  <\/div>\n  \n  <div class=\"form-row\">\n    <label class=\"form-label\">Haben Sie fortgeschrittenen NSCLC?<\/label>\n    <label class=\"form-radio\">\n    <input type=\"radio\" name=\"fieldGroup2\" value=\"yes\" class='yes-radio radioBtn' required>  <span class=\"checkmark\"><\/span>\n    <span class='label-text'>Ja<\/span><\/label>\n    <label class=\"form-radio\">\n    <input type=\"radio\" name=\"fieldGroup2\" value=\"no\" class=\"radioBtn\" required>  <span class=\"checkmark\"><\/span>\n    <span class='label-text'>Nein<\/span><\/label>\n  <\/div>\n  \n  <div class=\"form-row\">\n    <label class=\"form-label\">Haben Sie zu \u2265\u202f50\u202f% NSCLC-Tumorzellen, die PD-L1 exprimieren?<\/label>\n    <label class=\"form-radio\">\n    <input type=\"radio\" name=\"fieldGroup3\" value=\"yes\" class='yes-radio radioBtn' required>  <span class=\"checkmark\"><\/span>\n    <span class='label-text'>Ja<\/span><\/label>\n    <label class=\"form-radio\">\n    <input type=\"radio\" name=\"fieldGroup3\" value=\"no\" class=\"radioBtn\" required>  <span class=\"checkmark\"><\/span>\n    <span class='label-text'>Nein<\/span><\/label>\n  <\/div>\n  \n  <div class=\"form-row\">\n    <label class=\"form-label\">Rauchen Sie oder haben Sie jemals geraucht?<\/label>\n    <label class=\"form-radio\">\n    <input type=\"radio\" name=\"fieldGroup4\" value=\"yes\" class=\"yes-radio radioBtn\" required>  <span class=\"checkmark\"><\/span>\n    <span class='label-text'>Ja<\/span><\/label>\n    <label class=\"form-radio\">\n    <input type=\"radio\" name=\"fieldGroup4\" value=\"no\" class=\"radioBtn\" required>  <span class=\"checkmark\"><\/span>\n    <span class='label-text'>Nein<\/span><\/label>\n  <\/div>\n  \n  <div class=\"form-row\">\n    <label class=\"form-label\">Sind Sie schwanger, stillen Sie oder planen Sie, schwanger zu werden oder ein Kind zu zeugen?<\/label>\n    <label class=\"form-radio\">\n    <input type=\"radio\" name=\"fieldGroup5\" value=\"yes\" class=\"radioBtn\" required>  <span class=\"checkmark\"><\/span>\n    <span class='label-text'>Ja<\/span><\/label>\n    <label class=\"form-radio\">\n    <input type=\"radio\" name=\"fieldGroup5\" value=\"no\" class=\"radioBtn no-radio\" required>  <span class=\"checkmark\"><\/span>\n    <span class='label-text'>Nein<\/span><\/label>\n  <\/div>\n  <div class=\"form-row\">\n    <label class=\"form-label\">Hatten Sie im vergangenen Jahr eine Entz\u00fcndung des Gehirns (Enzephalitis), eine Entz\u00fcndung der Hirnhaut (Meningitis) oder unkontrollierte Krampfanf\u00e4lle?<\/label>\n    <label class=\"form-radio\">\n    <input type=\"radio\" name=\"fieldGroup6\" value=\"yes\" class=\"radioBtn\" required>  <span class=\"checkmark\"><\/span>\n    <span class='label-text'>Ja<\/span><\/label>\n    <label class=\"form-radio\">\n    <input type=\"radio\" name=\"fieldGroup6\" value=\"no\" class=\"radioBtn no-radio\" required>  <span class=\"checkmark\"><\/span>\n    <span class='label-text'>Nein<\/span><\/label>\n  <\/div>\n <span id=\"preError\" style=\"display: none;\">Please answer all questions!<\/span>\n  <div class=\"preeScreenerBtn\">\n    <input type=\"submit\" value=\"Senden\" id='btn'>\n  <\/div>\n  \n<input type=\"hidden\" name=\"trp-form-language\" value=\"de-de\"\/><\/form>\t\t\t\t<\/div>\n\t\t\t\t<\/div>\n\t\t\t\t\t<\/div>\n\t\t<\/div>\n\t\t\t\t\t<\/div>\n\t\t<\/section>\n\t\t\t\t<section class=\"elementor-section elementor-top-section elementor-element elementor-element-127f9afd elementor-section-boxed elementor-section-height-default elementor-section-height-default\" data-id=\"127f9afd\" data-element_type=\"section\" data-e-type=\"section\" id=\"sitefinder\">\n\t\t\t\t\t\t<div class=\"elementor-container elementor-column-gap-default\">\n\t\t\t\t\t<div class=\"elementor-column elementor-col-100 elementor-top-column elementor-element elementor-element-40e63563\" data-id=\"40e63563\" data-element_type=\"column\" data-e-type=\"column\">\n\t\t\t<div class=\"elementor-widget-wrap elementor-element-populated\">\n\t\t\t\t\t\t<div class=\"elementor-element elementor-element-24032766 elementor-widget elementor-widget-heading\" data-id=\"24032766\" data-element_type=\"widget\" data-e-type=\"widget\" data-widget_type=\"heading.default\">\n\t\t\t\t<div class=\"elementor-widget-container\">\n\t\t\t\t\t<h2 class=\"elementor-heading-title elementor-size-default\">Ein Pr\u00fcfzentrum in Ihrer N\u00e4he finden<\/h2>\t\t\t\t<\/div>\n\t\t\t\t<\/div>\n\t\t\t\t<div class=\"elementor-element elementor-element-5175444a elementor-widget elementor-widget-text-editor\" data-id=\"5175444a\" data-element_type=\"widget\" data-e-type=\"widget\" data-widget_type=\"text-editor.default\">\n\t\t\t\t<div class=\"elementor-widget-container\">\n\t\t\t\t\t\t\t\t\tUm ein Pr\u00fcfzentrum in Ihrer N\u00e4he zu finden, geben Sie bitte Ihre Postleitzahl ein.\t\t\t\t\t\t\t\t<\/div>\n\t\t\t\t<\/div>\n\t\t\t\t<div class=\"elementor-element elementor-element-3b1b864b elementor-widget elementor-widget-shortcode\" data-id=\"3b1b864b\" data-element_type=\"widget\" data-e-type=\"widget\" data-widget_type=\"shortcode.default\">\n\t\t\t\t<div class=\"elementor-widget-container\">\n\t\t\t\t\t\t\t<div class=\"elementor-shortcode\">\n\n\n <style>\r\n\t#wpsl-stores .wpsl-store-thumb {height:45px !important; width:45px !important;}\r\n\t#wpsl-stores, #wpsl-direction-details, #wpsl-gmap {height:650px !important;}\r\n\t#wpsl-gmap .wpsl-info-window {max-width:250px !important;}\r\n\t.wpsl-input label, #wpsl-radius label, #wpsl-category label {width:200px;}\r\n\t#wpsl-search-input ,#wpsl-category .wpsl-dropdown {width:200px;}\r\n<\/style>\r\n<div id=\"wpsl-wrap\">\r\n\t<div class=\"wpsl-search wpsl-clearfix\">\r\n\t\t<div id=\"wpsl-search-wrap\">\r\n\t\t\t<form autocomplete=\"off\" action=\"\">\r\n\t\t\t<div class=\"wpsl-input\">\r\n\t\t\t\t<div><label for=\"wpsl-search-input\">Postleitzahl<\/label><\/div>\r\n\t\t\t\t<input id=\"wpsl-search-input\" type=\"text\" value=\"\" name=\"wpsl-search-input\" placeholder=\"\" aria-required=\"true\" \/>\r\n\t\t\t<\/div>\r\n\t\t\t\t<div class=\"wpsl-search-btn-wrap\"><input id=\"wpsl-search-btn\" type=\"submit\" value=\"Suchen\"><\/div>\r\n\t\t<input type=\"hidden\" name=\"trp-form-language\" value=\"de-de\"\/><\/form>\r\n\t\t<\/div>\r\n\t<\/div>\r\n\t<div id=\"wpsl-gmap\" class=\"wpsl-gmap-canvas\"><\/div>\r\n\t<div id=\"wpsl-result-list\">\r\n\t\t<div id=\"wpsl-stores\" >\r\n\t\t\t<ul><\/ul>\r\n\t\t<\/div>\r\n\t\t<div id=\"wpsl-direction-details\">\r\n\t\t\t<ul><\/ul>\r\n\t\t<\/div>\r\n\t<\/div>\r\n<\/div>\r\n \n<\/div>\n\t\t\t\t\t\t<\/div>\n\t\t\t\t<\/div>\n\t\t\t\t\t<\/div>\n\t\t<\/div>\n\t\t\t\t\t<\/div>\n\t\t<\/section>\n\t\t\t\t<\/div>","protected":false},"excerpt":{"rendered":"<p>Am I Eligible? If you wish to take part in the EmpowerVax-L1 clinical research study, fill in the pre-screener questionnaire below to see if you may be eligible. You may be eligible if you: Are \u2265 18 years old (or the legal age of consent in your country) Have advanced NSCLC and not a candidate [&hellip;]<\/p>\n","protected":false},"author":2,"featured_media":0,"parent":0,"menu_order":0,"comment_status":"closed","ping_status":"closed","template":"","meta":{"footnotes":""},"class_list":["post-260","page","type-page","status-publish","hentry"],"_links":{"self":[{"href":"https:\/\/regeneronnsclcstudies.com\/de-de\/wp-json\/wp\/v2\/pages\/260","targetHints":{"allow":["GET"]}}],"collection":[{"href":"https:\/\/regeneronnsclcstudies.com\/de-de\/wp-json\/wp\/v2\/pages"}],"about":[{"href":"https:\/\/regeneronnsclcstudies.com\/de-de\/wp-json\/wp\/v2\/types\/page"}],"author":[{"embeddable":true,"href":"https:\/\/regeneronnsclcstudies.com\/de-de\/wp-json\/wp\/v2\/users\/2"}],"replies":[{"embeddable":true,"href":"https:\/\/regeneronnsclcstudies.com\/de-de\/wp-json\/wp\/v2\/comments?post=260"}],"version-history":[{"count":0,"href":"https:\/\/regeneronnsclcstudies.com\/de-de\/wp-json\/wp\/v2\/pages\/260\/revisions"}],"wp:attachment":[{"href":"https:\/\/regeneronnsclcstudies.com\/de-de\/wp-json\/wp\/v2\/media?parent=260"}],"curies":[{"name":"wp","href":"https:\/\/api.w.org\/{rel}","templated":true}]}}